{"id":156,"date":"2016-03-19T08:05:16","date_gmt":"2016-03-19T08:05:16","guid":{"rendered":"https:\/\/www.markusgley.de\/?page_id=156"},"modified":"2025-04-07T16:23:06","modified_gmt":"2025-04-07T14:23:06","slug":"markus-gley-biografie","status":"publish","type":"page","link":"https:\/\/www.markusgley.de\/en\/markus-gley-biografie\/","title":{"rendered":"Biography"},"content":{"rendered":"<div class=\"wpb-content-wrapper\"><div data-parent=\"true\" class=\"vc_row has-bg need-focus style-color-prif-bg row-container\" id=\"row-unique-0\"><div class=\"row limit-width row-parent\"><div class=\"wpb_row row-inner\"><div class=\"wpb_column pos-top pos-center align_left column_parent col-lg-12 single-internal-gutter\"><div class=\"uncol style-light\"  ><div class=\"uncoltable\"><div class=\"uncell no-block-padding\" ><div class=\"uncont\" ><div class=\"vc_row row-internal row-container\"><div class=\"row row-child\"><div class=\"wpb_row row-inner\"><div class=\"wpb_column pos-top pos-center align_center column_child col-lg-12 single-internal-gutter\"><div class=\"uncol style-light\" ><div class=\"uncoltable\"><div class=\"uncell no-block-padding\" ><div class=\"uncont\" ><div class=\"vc_custom_heading_wrap\"><div class=\"heading-text el-text\" ><h1 class=\"h1 text-color-lxmt-color\" ><span>Biography<\/span><\/h1><\/div><div class=\"clear\"><\/div><\/div><\/div><\/div><\/div><\/div><\/div><\/div><\/div><\/div><div class=\"vc_row row-internal row-container\"><div class=\"row row-child\"><div class=\"wpb_row row-inner\"><div class=\"wpb_column pos-top pos-center align_left column_child col-lg-6 single-internal-gutter\"><div class=\"uncol style-light\" ><div class=\"uncoltable\"><div class=\"uncell no-block-padding\" ><div class=\"uncont\" ><div class=\"uncode-single-media  text-left\"><div class=\"single-wrapper\" style=\"max-width: 100%;\"><div class=\"tmb tmb-light  tmb-media-first tmb-media-last tmb-content-overlay tmb-no-bg\"><div class=\"t-inside\"><div class=\"t-entry-visual\"><div class=\"t-entry-visual-tc\"><div class=\"uncode-single-media-wrapper\"><img decoding=\"async\" class=\"wp-image-8439\" src=\"https:\/\/www.markusgley.de\/wp-content\/uploads\/Markus-Gley-Portrait.jpg\" width=\"720\" height=\"960\" alt=\"\" srcset=\"https:\/\/www.markusgley.de\/wp-content\/uploads\/Markus-Gley-Portrait.jpg 720w, https:\/\/www.markusgley.de\/wp-content\/uploads\/Markus-Gley-Portrait-225x300.jpg 225w\" sizes=\"(max-width: 720px) 100vw, 720px\" \/><\/div>\n\t\t\t\t\t<\/div>\n\t\t\t\t<\/div><\/div><\/div><\/div><\/div><\/div><\/div><\/div><\/div><\/div><div class=\"wpb_column pos-top pos-center align_left column_child col-lg-6 single-internal-gutter\"><div class=\"uncol style-light\" ><div class=\"uncoltable\"><div class=\"uncell no-block-padding\" ><div class=\"uncont\" ><div class=\"uncode_text_column text-color-lxmt-color\" ><p>Markus Gley, born in 1980, graduate of the \"Hero at the UDK Berlin\" class, is a very extroverted painter who quickly found his own memorable style. His works are self-portraits \/ states of man and nature itself.<\/p>\n<p>He implements the maxim of Joseph Beuys, \"Art is life - life is art\" risking everything - only committed to the truth.<br \/>\nIn his new works, Markus Gley goes from eccentric to ordered rasta painting, which is shown in galaxies and other states of the universe.<\/p>\n<p>Markus Gley lives and works in Germany in Greifswald and Berlin.<\/p>\n<\/div><div class=\"uncode_text_column text-color-lxmt-color\" ><\/p>\n<ul>\n<li><strong>19.06.1980:<\/strong> born as Markus Hinz in Greifswald<\/li>\n<li><strong>1987-1998:<\/strong> Erwin-Fischer Realschule, Friedrich-Ludwig Jahn Gymnasium, Ernst- Moritz-Arndt Realschule<\/li>\n<li><strong>1998-2001:<\/strong> Apprenticeship as a carpenter<\/li>\n<li><strong>2001-2002:<\/strong> Community Service Johanna-Odebrecht Foundation<\/li>\n<li><strong>2002-2004:<\/strong> Work as a carpenter in Hamburg<\/li>\n<li><strong>2005-2009:<\/strong> Kunststudium an der Universit\u00e4t der K\u00fcnste Berlin bei Georg Baselitz und Burkhard Held<\/li>\n<li><strong>2009-2010:<\/strong> Graduated as a master student of the \"Held class\"<\/li>\n<\/ul>\n<p>\n<\/div><div class=\"uncode_text_column text-color-lxmt-color\" ><\/p>\n<h3><span style=\"color: #ffffff;\">About Markus Gley<\/span><\/h3>\n<p>Expressiv und zuweilen psychedelisch stellen sich die Bilder Markus Gleys den Betrachterinnen und Betrachtern entgegen. Kleinteiligkeit und eine entschiedene Farbigkeit lassen seine Arbeiten zu emotionalen Bildnissen werden. Es geht um die Zust\u00e4nde des Menschen und die Darstellung dieser Befindlichkeiten durch die Kunst. Markus Gley verk\u00f6rpert damit die moderne K\u00fcnstlerpers\u00f6nlichkeit par excellence.<\/p>\n<p>Markus Gley ist ein au\u00dfergew\u00f6hnlicher K\u00fcnstler. In Greifswald 1980 geboren kam er \u00fcber Umwege zur Kunst. Zuerst absolvierte er eine Lehre als Zimmermann, um sp\u00e4ter an der Universit\u00e4t in Berlin bei Georg Baselitz und Burkhard Held Malerei zu studieren.<\/p>\n<p>Wir sind alle Wanderer zwischen verschiedenen Welten, Markus Gley sp\u00fcrt diese Vielf\u00e4ltigkeit und schafft es, sie in seinen Bildern zu komprimieren. Seine Bezugspunkte sind die Popkultur und Autobiographisches. Gleys Kunst ist immer auch ein Verweis auf die beuys\u00b4sche Formel \u201eKunst ist Leben \u2013 Leben ist Kunst\u201c. Formal und inhaltlich eine aus der derzeitigen Malerei herausragende k\u00fcnstlerische Position.<\/p>\n<p class=\"translation-block\">As a \u201eunique point\u201c, Markus Gley combines digital art with \u201eclassical\u201c painting in his work: For many years, Markus Gley has created digital equivalents to his paintings as short, moving image sequences. The development of NFTs has now benefited him. A QR code is hidden in the new images that leads to a clip as an NFT on a website. Markus Gley is one of the few artists who manages to cross this boundary convincingly.<\/p>\n<\/div><\/div><\/div><\/div><\/div><\/div><\/div><\/div><\/div><\/div><\/div><\/div><\/div><\/div><script id=\"script-row-unique-0\" data-row=\"script-row-unique-0\" type=\"text\/javascript\" class=\"vc_controls\">UNCODE.initRow(document.getElementById(\"row-unique-0\"));<\/script><\/div><\/div><\/div>\n<\/div>","protected":false},"excerpt":{"rendered":"Biografie Markus Gley, Jahrgang 1980, Absolvent der Klasse &#8222;Held an der UDK Berlin&#8220; ist ein sehr extrovertierter Maler, der schnell [...]","protected":false},"author":5,"featured_media":0,"parent":0,"menu_order":0,"comment_status":"closed","ping_status":"closed","template":"","meta":{"footnotes":""},"class_list":["post-156","page","type-page","status-publish","hentry"],"yoast_head":"<!-- This site is optimized with the Yoast SEO plugin v27.5 - https:\/\/yoast.com\/product\/yoast-seo-wordpress\/ -->\n<title>Markus Gley Biografie<\/title>\n<meta name=\"description\" content=\"Die Markus Gley Biografie wirft einen Blick auf den k\u00fcnstlerischen Werdegang des extrovertierten Malers. Lernen Sie Markus Gley n\u00e4her kennen.\" \/>\n<meta name=\"robots\" content=\"index, follow, max-snippet:-1, max-image-preview:large, max-video-preview:-1\" \/>\n<link rel=\"canonical\" href=\"https:\/\/www.markusgley.de\/en\/markus-gley-biografie\/\" \/>\n<meta property=\"og:locale\" content=\"en_GB\" \/>\n<meta property=\"og:type\" content=\"article\" \/>\n<meta property=\"og:title\" content=\"Markus Gley Biografie\" \/>\n<meta property=\"og:description\" content=\"Die Markus Gley Biografie wirft einen Blick auf den k\u00fcnstlerischen Werdegang des extrovertierten Malers. Lernen Sie Markus Gley n\u00e4her kennen.\" \/>\n<meta property=\"og:url\" content=\"https:\/\/www.markusgley.de\/en\/markus-gley-biografie\/\" \/>\n<meta property=\"og:site_name\" content=\"Markus Gley\" \/>\n<meta property=\"article:publisher\" content=\"https:\/\/www.facebook.com\/profile.php?id=100076184860323\" \/>\n<meta property=\"article:modified_time\" content=\"2025-04-07T14:23:06+00:00\" \/>\n<meta name=\"twitter:card\" content=\"summary_large_image\" \/>\n<meta name=\"twitter:label1\" content=\"Estimated reading time\" \/>\n\t<meta name=\"twitter:data1\" content=\"3 minutes\" \/>\n<script type=\"application\/ld+json\" class=\"yoast-schema-graph\">{\"@context\":\"https:\\\/\\\/schema.org\",\"@graph\":[{\"@type\":\"WebPage\",\"@id\":\"https:\\\/\\\/www.markusgley.de\\\/markus-gley-biografie\\\/\",\"url\":\"https:\\\/\\\/www.markusgley.de\\\/markus-gley-biografie\\\/\",\"name\":\"Markus Gley Biografie\",\"isPartOf\":{\"@id\":\"https:\\\/\\\/www.markusgley.de\\\/#website\"},\"datePublished\":\"2016-03-19T08:05:16+00:00\",\"dateModified\":\"2025-04-07T14:23:06+00:00\",\"description\":\"Die Markus Gley Biografie wirft einen Blick auf den k\u00fcnstlerischen Werdegang des extrovertierten Malers. Lernen Sie Markus Gley n\u00e4her kennen.\",\"breadcrumb\":{\"@id\":\"https:\\\/\\\/www.markusgley.de\\\/markus-gley-biografie\\\/#breadcrumb\"},\"inLanguage\":\"en-GB\",\"potentialAction\":[{\"@type\":\"ReadAction\",\"target\":[\"https:\\\/\\\/www.markusgley.de\\\/markus-gley-biografie\\\/\"]}]},{\"@type\":\"BreadcrumbList\",\"@id\":\"https:\\\/\\\/www.markusgley.de\\\/markus-gley-biografie\\\/#breadcrumb\",\"itemListElement\":[{\"@type\":\"ListItem\",\"position\":1,\"name\":\"Startseite\",\"item\":\"https:\\\/\\\/www.markusgley.de\\\/\"},{\"@type\":\"ListItem\",\"position\":2,\"name\":\"Biografie\"}]},{\"@type\":\"WebSite\",\"@id\":\"https:\\\/\\\/www.markusgley.de\\\/#website\",\"url\":\"https:\\\/\\\/www.markusgley.de\\\/\",\"name\":\"Markus Gley\",\"description\":\"Extrovertierter K\u00fcnstler\",\"publisher\":{\"@id\":\"https:\\\/\\\/www.markusgley.de\\\/#organization\"},\"potentialAction\":[{\"@type\":\"SearchAction\",\"target\":{\"@type\":\"EntryPoint\",\"urlTemplate\":\"https:\\\/\\\/www.markusgley.de\\\/?s={search_term_string}\"},\"query-input\":{\"@type\":\"PropertyValueSpecification\",\"valueRequired\":true,\"valueName\":\"search_term_string\"}}],\"inLanguage\":\"en-GB\"},{\"@type\":\"Organization\",\"@id\":\"https:\\\/\\\/www.markusgley.de\\\/#organization\",\"name\":\"Markus Gley\",\"url\":\"https:\\\/\\\/www.markusgley.de\\\/\",\"logo\":{\"@type\":\"ImageObject\",\"inLanguage\":\"en-GB\",\"@id\":\"https:\\\/\\\/www.markusgley.de\\\/#\\\/schema\\\/logo\\\/image\\\/\",\"url\":\"https:\\\/\\\/www.markusgley.de\\\/wp-content\\\/uploads\\\/2022\\\/02\\\/the-devil-and-i-alexander-nawalny-1375x1135-oel-acryl-on-canvas-2021.jpg\",\"contentUrl\":\"https:\\\/\\\/www.markusgley.de\\\/wp-content\\\/uploads\\\/2022\\\/02\\\/the-devil-and-i-alexander-nawalny-1375x1135-oel-acryl-on-canvas-2021.jpg\",\"width\":1212,\"height\":1465,\"caption\":\"Markus Gley\"},\"image\":{\"@id\":\"https:\\\/\\\/www.markusgley.de\\\/#\\\/schema\\\/logo\\\/image\\\/\"},\"sameAs\":[\"https:\\\/\\\/www.facebook.com\\\/profile.php?id=100076184860323\",\"https:\\\/\\\/www.instagram.com\\\/markusgley\\\/\"]}]}<\/script>\n<!-- \/ Yoast SEO plugin. -->","yoast_head_json":{"title":"Markus Gley Biografie","description":"Die Markus Gley Biografie wirft einen Blick auf den k\u00fcnstlerischen Werdegang des extrovertierten Malers. Lernen Sie Markus Gley n\u00e4her kennen.","robots":{"index":"index","follow":"follow","max-snippet":"max-snippet:-1","max-image-preview":"max-image-preview:large","max-video-preview":"max-video-preview:-1"},"canonical":"https:\/\/www.markusgley.de\/en\/markus-gley-biografie\/","og_locale":"en_GB","og_type":"article","og_title":"Markus Gley Biografie","og_description":"Die Markus Gley Biografie wirft einen Blick auf den k\u00fcnstlerischen Werdegang des extrovertierten Malers. Lernen Sie Markus Gley n\u00e4her kennen.","og_url":"https:\/\/www.markusgley.de\/en\/markus-gley-biografie\/","og_site_name":"Markus Gley","article_publisher":"https:\/\/www.facebook.com\/profile.php?id=100076184860323","article_modified_time":"2025-04-07T14:23:06+00:00","twitter_card":"summary_large_image","twitter_misc":{"Estimated reading time":"3 minutes"},"schema":{"@context":"https:\/\/schema.org","@graph":[{"@type":"WebPage","@id":"https:\/\/www.markusgley.de\/markus-gley-biografie\/","url":"https:\/\/www.markusgley.de\/markus-gley-biografie\/","name":"Markus Gley Biografie","isPartOf":{"@id":"https:\/\/www.markusgley.de\/#website"},"datePublished":"2016-03-19T08:05:16+00:00","dateModified":"2025-04-07T14:23:06+00:00","description":"Die Markus Gley Biografie wirft einen Blick auf den k\u00fcnstlerischen Werdegang des extrovertierten Malers. Lernen Sie Markus Gley n\u00e4her kennen.","breadcrumb":{"@id":"https:\/\/www.markusgley.de\/markus-gley-biografie\/#breadcrumb"},"inLanguage":"en-GB","potentialAction":[{"@type":"ReadAction","target":["https:\/\/www.markusgley.de\/markus-gley-biografie\/"]}]},{"@type":"BreadcrumbList","@id":"https:\/\/www.markusgley.de\/markus-gley-biografie\/#breadcrumb","itemListElement":[{"@type":"ListItem","position":1,"name":"Startseite","item":"https:\/\/www.markusgley.de\/"},{"@type":"ListItem","position":2,"name":"Biografie"}]},{"@type":"WebSite","@id":"https:\/\/www.markusgley.de\/#website","url":"https:\/\/www.markusgley.de\/","name":"Markus Gley","description":"Extrovertierter K\u00fcnstler","publisher":{"@id":"https:\/\/www.markusgley.de\/#organization"},"potentialAction":[{"@type":"SearchAction","target":{"@type":"EntryPoint","urlTemplate":"https:\/\/www.markusgley.de\/?s={search_term_string}"},"query-input":{"@type":"PropertyValueSpecification","valueRequired":true,"valueName":"search_term_string"}}],"inLanguage":"en-GB"},{"@type":"Organization","@id":"https:\/\/www.markusgley.de\/#organization","name":"Markus Gley","url":"https:\/\/www.markusgley.de\/","logo":{"@type":"ImageObject","inLanguage":"en-GB","@id":"https:\/\/www.markusgley.de\/#\/schema\/logo\/image\/","url":"https:\/\/www.markusgley.de\/wp-content\/uploads\/2022\/02\/the-devil-and-i-alexander-nawalny-1375x1135-oel-acryl-on-canvas-2021.jpg","contentUrl":"https:\/\/www.markusgley.de\/wp-content\/uploads\/2022\/02\/the-devil-and-i-alexander-nawalny-1375x1135-oel-acryl-on-canvas-2021.jpg","width":1212,"height":1465,"caption":"Markus Gley"},"image":{"@id":"https:\/\/www.markusgley.de\/#\/schema\/logo\/image\/"},"sameAs":["https:\/\/www.facebook.com\/profile.php?id=100076184860323","https:\/\/www.instagram.com\/markusgley\/"]}]}},"_links":{"self":[{"href":"https:\/\/www.markusgley.de\/en\/wp-json\/wp\/v2\/pages\/156","targetHints":{"allow":["GET"]}}],"collection":[{"href":"https:\/\/www.markusgley.de\/en\/wp-json\/wp\/v2\/pages"}],"about":[{"href":"https:\/\/www.markusgley.de\/en\/wp-json\/wp\/v2\/types\/page"}],"author":[{"embeddable":true,"href":"https:\/\/www.markusgley.de\/en\/wp-json\/wp\/v2\/users\/5"}],"replies":[{"embeddable":true,"href":"https:\/\/www.markusgley.de\/en\/wp-json\/wp\/v2\/comments?post=156"}],"version-history":[{"count":36,"href":"https:\/\/www.markusgley.de\/en\/wp-json\/wp\/v2\/pages\/156\/revisions"}],"predecessor-version":[{"id":9206,"href":"https:\/\/www.markusgley.de\/en\/wp-json\/wp\/v2\/pages\/156\/revisions\/9206"}],"wp:attachment":[{"href":"https:\/\/www.markusgley.de\/en\/wp-json\/wp\/v2\/media?parent=156"}],"curies":[{"name":"wp","href":"https:\/\/api.w.org\/{rel}","templated":true}]}}