{"id":197,"date":"2016-03-21T08:50:43","date_gmt":"2016-03-21T08:50:43","guid":{"rendered":"https:\/\/www.markusgley.de\/?page_id=197"},"modified":"2024-11-12T15:40:41","modified_gmt":"2024-11-12T14:40:41","slug":"markus-gley-kontakt","status":"publish","type":"page","link":"https:\/\/www.markusgley.de\/en\/markus-gley-kontakt\/","title":{"rendered":"Contact me"},"content":{"rendered":"<div class=\"wpb-content-wrapper\"><div data-parent=\"true\" class=\"vc_row has-bg need-focus style-back_color-438876-bg row-container\" id=\"row-unique-0\"><div class=\"row limit-width row-parent\"><div class=\"wpb_row row-inner\"><div class=\"wpb_column pos-top pos-center align_left column_parent col-lg-6 single-internal-gutter\"><div class=\"uncol style-light\"  ><div class=\"uncoltable\"><div class=\"uncell no-block-padding\" ><div class=\"uncont\" >\n<div class=\"wpcf7 no-js\" id=\"wpcf7-f4-o1\" lang=\"en-US\" dir=\"ltr\" data-wpcf7-id=\"4\">\n<div class=\"screen-reader-response\"><p role=\"status\" aria-live=\"polite\" aria-atomic=\"true\"><\/p> <ul><\/ul><\/div>\n<form action=\"\/en\/wp-json\/wp\/v2\/pages\/197#wpcf7-f4-o1\" method=\"post\" class=\"wpcf7-form init\" aria-label=\"Contact form\" novalidate=\"novalidate\" data-status=\"init\" data-trp-original-action=\"\/en\/wp-json\/wp\/v2\/pages\/197#wpcf7-f4-o1\">\n<fieldset class=\"hidden-fields-container\"><input type=\"hidden\" name=\"_wpcf7\" value=\"4\" \/><input type=\"hidden\" name=\"_wpcf7_version\" value=\"6.1.5\" \/><input type=\"hidden\" name=\"_wpcf7_locale\" value=\"en_US\" \/><input type=\"hidden\" name=\"_wpcf7_unit_tag\" value=\"wpcf7-f4-o1\" \/><input type=\"hidden\" name=\"_wpcf7_container_post\" value=\"0\" \/><input type=\"hidden\" name=\"_wpcf7_posted_data_hash\" value=\"\" \/>\n<\/fieldset>\n<p><span class=\"wpcf7-form-control-wrap\" data-name=\"Name\"><input size=\"40\" maxlength=\"400\" class=\"wpcf7-form-control wpcf7-text wpcf7-validates-as-required\" aria-required=\"true\" aria-invalid=\"false\" placeholder=\"Your Name*\" value=\"\" type=\"text\" name=\"Name\" \/><\/span><span id=\"wpcf7-6a04b1c09b803-wrapper\" class=\"wpcf7-form-control-wrap E-Mail-wrap\" style=\"display:none !important; visibility:hidden !important;\"><label for=\"wpcf7-6a04b1c09b803-field\" class=\"hp-message\">Please leave this field empty.<\/label><input id=\"wpcf7-6a04b1c09b803-field\"  class=\"wpcf7-form-control wpcf7-text\" type=\"text\" name=\"E-Mail\" value=\"\" size=\"40\" tabindex=\"-1\" autocomplete=\"new-password\" \/><\/span><br \/>\n<span class=\"wpcf7-form-control-wrap\" data-name=\"Email\"><input size=\"40\" maxlength=\"400\" class=\"wpcf7-form-control wpcf7-email wpcf7-validates-as-required wpcf7-text wpcf7-validates-as-email\" aria-required=\"true\" aria-invalid=\"false\" placeholder=\"Your Email*\" value=\"\" type=\"email\" name=\"Email\" \/><\/span><br \/>\n<span class=\"wpcf7-form-control-wrap\" data-name=\"Message\"><textarea cols=\"40\" rows=\"10\" maxlength=\"2000\" class=\"wpcf7-form-control wpcf7-textarea wpcf7-validates-as-required\" aria-required=\"true\" aria-invalid=\"false\" placeholder=\"Ihre Nachricht*\" name=\"Message\"><\/textarea><\/span><br \/>\n<span style=\"color: #ffffff\">*Required fields<\/span>\n<\/p>\n<p><span class=\"wpcf7-form-control-wrap\" data-name=\"acceptance-323\"><span class=\"wpcf7-form-control wpcf7-acceptance\"><span class=\"wpcf7-list-item\"><label><input type=\"checkbox\" name=\"acceptance-323\" value=\"1\" aria-invalid=\"false\" \/><span class=\"wpcf7-list-item-label\"><span style=\"color: #ffffff\">I hereby agree that my details from the contact form may be collected and processed to answer my request in accordance with Art. 6, Para. 1a GDPR. The data will only be used to process my request. <b style=\"color: #ffffff\">Hint:<\/b> You can revoke your consent at any time for the future. Further information on handling user data can be found in our <a style=\"color: #ffffff; text-decoration: underline; font-weight: bold;\" href=\"\/en\/datenschutzerklaerung\/\" target=\"_blank\">data protection declaration<\/a><\/span>.<\/span><\/label><\/span><\/span><\/span><br \/>\n<br \/>\n<span style=\"color: #ffffff\"><span class=\"wpcf7-form-control-wrap\" data-name=\"quiz-331\"><label><span class=\"wpcf7-quiz-label\">What color is a blue square? (Please type in \"blau\")<\/span> <input size=\"40\" class=\"wpcf7-form-control wpcf7-quiz quizz\" autocomplete=\"off\" aria-required=\"true\" aria-invalid=\"false\" type=\"text\" name=\"quiz-331\" \/><\/label><input type=\"hidden\" name=\"_wpcf7_quiz_answer_quiz-331\" value=\"b63f18911f9b611450dfcfa48c715ca6\" \/><\/span><\/span><br \/>\n<input class=\"wpcf7-form-control wpcf7-submit has-spinner\" type=\"submit\" value=\"Send\" \/>\n<\/p><div class=\"wpcf7-response-output\" aria-hidden=\"true\"><\/div>\n<input type=\"hidden\" name=\"trp-form-language\" value=\"en\"\/><\/form>\n<\/div>\n<\/div><\/div><\/div><\/div><\/div><div class=\"wpb_column pos-top pos-center align_left column_parent col-lg-6 single-internal-gutter\"><div class=\"uncol style-light\"  ><div class=\"uncoltable\"><div class=\"uncell no-block-padding\" ><div class=\"uncont\" ><div class=\"uncode-single-media  text-left\"><div class=\"single-wrapper\" style=\"max-width: 100%;\"><div class=\"tmb tmb-light  tmb-media-first tmb-media-last tmb-content-overlay tmb-no-bg\"><div class=\"t-inside\"><div class=\"t-entry-visual\"><div class=\"t-entry-visual-tc\"><div class=\"uncode-single-media-wrapper\"><img decoding=\"async\" class=\"wp-image-9080\" src=\"https:\/\/www.markusgley.de\/wp-content\/uploads\/markus-gley-1.jpg\" width=\"1431\" height=\"2035\" alt=\"\" srcset=\"https:\/\/www.markusgley.de\/wp-content\/uploads\/markus-gley-1.jpg 1431w, https:\/\/www.markusgley.de\/wp-content\/uploads\/markus-gley-1-211x300.jpg 211w, https:\/\/www.markusgley.de\/wp-content\/uploads\/markus-gley-1-720x1024.jpg 720w, https:\/\/www.markusgley.de\/wp-content\/uploads\/markus-gley-1-768x1092.jpg 768w, https:\/\/www.markusgley.de\/wp-content\/uploads\/markus-gley-1-1080x1536.jpg 1080w, https:\/\/www.markusgley.de\/wp-content\/uploads\/markus-gley-1-8x12.jpg 8w, https:\/\/www.markusgley.de\/wp-content\/uploads\/markus-gley-1-350x498.jpg 350w\" sizes=\"(max-width: 1431px) 100vw, 1431px\" \/><\/div>\n\t\t\t\t\t<\/div>\n\t\t\t\t<\/div><\/div><\/div><\/div><\/div><\/div><\/div><\/div><\/div><\/div><script id=\"script-row-unique-0\" data-row=\"script-row-unique-0\" type=\"text\/javascript\" class=\"vc_controls\">UNCODE.initRow(document.getElementById(\"row-unique-0\"));<\/script><\/div><\/div><\/div>\n<\/div>","protected":false},"excerpt":{"rendered":"Please leave this field empty. *Pflichtfelder Hiermit stimme ich zu, dass meine Angaben aus dem Kontaktformular zur Beantwortung meiner Anfrage, [...]","protected":false},"author":5,"featured_media":0,"parent":0,"menu_order":0,"comment_status":"closed","ping_status":"closed","template":"","meta":{"footnotes":""},"class_list":["post-197","page","type-page","status-publish","hentry"],"yoast_head":"<!-- This site is optimized with the Yoast SEO plugin v27.6 - https:\/\/yoast.com\/product\/yoast-seo-wordpress\/ -->\n<title>Markus Gley - Kontakt zum extrovertieren K\u00fcnstler<\/title>\n<meta name=\"description\" content=\"Nehmen Sie Kontakt mit Markus Gley auf, wenn Sie sich f\u00fcr seine Bilder interessieren. Per Mail oder Telefon ist er f\u00fcr Sie erreichbar.\" \/>\n<meta name=\"robots\" content=\"index, follow, max-snippet:-1, max-image-preview:large, max-video-preview:-1\" \/>\n<link rel=\"canonical\" href=\"https:\/\/www.markusgley.de\/en\/markus-gley-kontakt\/\" \/>\n<meta property=\"og:locale\" content=\"en_GB\" \/>\n<meta property=\"og:type\" content=\"article\" \/>\n<meta property=\"og:title\" content=\"Markus Gley - Kontakt zum extrovertieren K\u00fcnstler\" \/>\n<meta property=\"og:description\" content=\"Nehmen Sie Kontakt mit Markus Gley auf, wenn Sie sich f\u00fcr seine Bilder interessieren. Per Mail oder Telefon ist er f\u00fcr Sie erreichbar.\" \/>\n<meta property=\"og:url\" content=\"https:\/\/www.markusgley.de\/en\/markus-gley-kontakt\/\" \/>\n<meta property=\"og:site_name\" content=\"Markus Gley\" \/>\n<meta property=\"article:publisher\" content=\"https:\/\/www.facebook.com\/profile.php?id=100076184860323\" \/>\n<meta property=\"article:modified_time\" content=\"2024-11-12T14:40:41+00:00\" \/>\n<meta name=\"twitter:card\" content=\"summary_large_image\" \/>\n<meta name=\"twitter:label1\" content=\"Estimated reading time\" \/>\n\t<meta name=\"twitter:data1\" content=\"1 minute\" \/>\n<script type=\"application\/ld+json\" class=\"yoast-schema-graph\">{\"@context\":\"https:\\\/\\\/schema.org\",\"@graph\":[{\"@type\":[\"WebPage\",\"ContactPage\"],\"@id\":\"https:\\\/\\\/www.markusgley.de\\\/markus-gley-kontakt\\\/\",\"url\":\"https:\\\/\\\/www.markusgley.de\\\/markus-gley-kontakt\\\/\",\"name\":\"Markus Gley - Kontakt zum extrovertieren K\u00fcnstler\",\"isPartOf\":{\"@id\":\"https:\\\/\\\/www.markusgley.de\\\/#website\"},\"datePublished\":\"2016-03-21T08:50:43+00:00\",\"dateModified\":\"2024-11-12T14:40:41+00:00\",\"description\":\"Nehmen Sie Kontakt mit Markus Gley auf, wenn Sie sich f\u00fcr seine Bilder interessieren. Per Mail oder Telefon ist er f\u00fcr Sie erreichbar.\",\"breadcrumb\":{\"@id\":\"https:\\\/\\\/www.markusgley.de\\\/markus-gley-kontakt\\\/#breadcrumb\"},\"inLanguage\":\"en-GB\",\"potentialAction\":[{\"@type\":\"ReadAction\",\"target\":[\"https:\\\/\\\/www.markusgley.de\\\/markus-gley-kontakt\\\/\"]}]},{\"@type\":\"BreadcrumbList\",\"@id\":\"https:\\\/\\\/www.markusgley.de\\\/markus-gley-kontakt\\\/#breadcrumb\",\"itemListElement\":[{\"@type\":\"ListItem\",\"position\":1,\"name\":\"Startseite\",\"item\":\"https:\\\/\\\/www.markusgley.de\\\/\"},{\"@type\":\"ListItem\",\"position\":2,\"name\":\"Kontakt\"}]},{\"@type\":\"WebSite\",\"@id\":\"https:\\\/\\\/www.markusgley.de\\\/#website\",\"url\":\"https:\\\/\\\/www.markusgley.de\\\/\",\"name\":\"Markus Gley\",\"description\":\"Extrovertierter K\u00fcnstler\",\"publisher\":{\"@id\":\"https:\\\/\\\/www.markusgley.de\\\/#organization\"},\"potentialAction\":[{\"@type\":\"SearchAction\",\"target\":{\"@type\":\"EntryPoint\",\"urlTemplate\":\"https:\\\/\\\/www.markusgley.de\\\/?s={search_term_string}\"},\"query-input\":{\"@type\":\"PropertyValueSpecification\",\"valueRequired\":true,\"valueName\":\"search_term_string\"}}],\"inLanguage\":\"en-GB\"},{\"@type\":\"Organization\",\"@id\":\"https:\\\/\\\/www.markusgley.de\\\/#organization\",\"name\":\"Markus Gley\",\"url\":\"https:\\\/\\\/www.markusgley.de\\\/\",\"logo\":{\"@type\":\"ImageObject\",\"inLanguage\":\"en-GB\",\"@id\":\"https:\\\/\\\/www.markusgley.de\\\/#\\\/schema\\\/logo\\\/image\\\/\",\"url\":\"https:\\\/\\\/www.markusgley.de\\\/wp-content\\\/uploads\\\/2022\\\/02\\\/the-devil-and-i-alexander-nawalny-1375x1135-oel-acryl-on-canvas-2021.jpg\",\"contentUrl\":\"https:\\\/\\\/www.markusgley.de\\\/wp-content\\\/uploads\\\/2022\\\/02\\\/the-devil-and-i-alexander-nawalny-1375x1135-oel-acryl-on-canvas-2021.jpg\",\"width\":1212,\"height\":1465,\"caption\":\"Markus Gley\"},\"image\":{\"@id\":\"https:\\\/\\\/www.markusgley.de\\\/#\\\/schema\\\/logo\\\/image\\\/\"},\"sameAs\":[\"https:\\\/\\\/www.facebook.com\\\/profile.php?id=100076184860323\",\"https:\\\/\\\/www.instagram.com\\\/markusgley\\\/\"]}]}<\/script>\n<!-- \/ Yoast SEO plugin. -->","yoast_head_json":{"title":"Markus Gley - Kontakt zum extrovertieren K\u00fcnstler","description":"Nehmen Sie Kontakt mit Markus Gley auf, wenn Sie sich f\u00fcr seine Bilder interessieren. Per Mail oder Telefon ist er f\u00fcr Sie erreichbar.","robots":{"index":"index","follow":"follow","max-snippet":"max-snippet:-1","max-image-preview":"max-image-preview:large","max-video-preview":"max-video-preview:-1"},"canonical":"https:\/\/www.markusgley.de\/en\/markus-gley-kontakt\/","og_locale":"en_GB","og_type":"article","og_title":"Markus Gley - Kontakt zum extrovertieren K\u00fcnstler","og_description":"Nehmen Sie Kontakt mit Markus Gley auf, wenn Sie sich f\u00fcr seine Bilder interessieren. Per Mail oder Telefon ist er f\u00fcr Sie erreichbar.","og_url":"https:\/\/www.markusgley.de\/en\/markus-gley-kontakt\/","og_site_name":"Markus Gley","article_publisher":"https:\/\/www.facebook.com\/profile.php?id=100076184860323","article_modified_time":"2024-11-12T14:40:41+00:00","twitter_card":"summary_large_image","twitter_misc":{"Estimated reading time":"1 minute"},"schema":{"@context":"https:\/\/schema.org","@graph":[{"@type":["WebPage","ContactPage"],"@id":"https:\/\/www.markusgley.de\/markus-gley-kontakt\/","url":"https:\/\/www.markusgley.de\/markus-gley-kontakt\/","name":"Markus Gley - Kontakt zum extrovertieren K\u00fcnstler","isPartOf":{"@id":"https:\/\/www.markusgley.de\/#website"},"datePublished":"2016-03-21T08:50:43+00:00","dateModified":"2024-11-12T14:40:41+00:00","description":"Nehmen Sie Kontakt mit Markus Gley auf, wenn Sie sich f\u00fcr seine Bilder interessieren. Per Mail oder Telefon ist er f\u00fcr Sie erreichbar.","breadcrumb":{"@id":"https:\/\/www.markusgley.de\/markus-gley-kontakt\/#breadcrumb"},"inLanguage":"en-GB","potentialAction":[{"@type":"ReadAction","target":["https:\/\/www.markusgley.de\/markus-gley-kontakt\/"]}]},{"@type":"BreadcrumbList","@id":"https:\/\/www.markusgley.de\/markus-gley-kontakt\/#breadcrumb","itemListElement":[{"@type":"ListItem","position":1,"name":"Startseite","item":"https:\/\/www.markusgley.de\/"},{"@type":"ListItem","position":2,"name":"Kontakt"}]},{"@type":"WebSite","@id":"https:\/\/www.markusgley.de\/#website","url":"https:\/\/www.markusgley.de\/","name":"Markus Gley","description":"Extrovertierter K\u00fcnstler","publisher":{"@id":"https:\/\/www.markusgley.de\/#organization"},"potentialAction":[{"@type":"SearchAction","target":{"@type":"EntryPoint","urlTemplate":"https:\/\/www.markusgley.de\/?s={search_term_string}"},"query-input":{"@type":"PropertyValueSpecification","valueRequired":true,"valueName":"search_term_string"}}],"inLanguage":"en-GB"},{"@type":"Organization","@id":"https:\/\/www.markusgley.de\/#organization","name":"Markus Gley","url":"https:\/\/www.markusgley.de\/","logo":{"@type":"ImageObject","inLanguage":"en-GB","@id":"https:\/\/www.markusgley.de\/#\/schema\/logo\/image\/","url":"https:\/\/www.markusgley.de\/wp-content\/uploads\/2022\/02\/the-devil-and-i-alexander-nawalny-1375x1135-oel-acryl-on-canvas-2021.jpg","contentUrl":"https:\/\/www.markusgley.de\/wp-content\/uploads\/2022\/02\/the-devil-and-i-alexander-nawalny-1375x1135-oel-acryl-on-canvas-2021.jpg","width":1212,"height":1465,"caption":"Markus Gley"},"image":{"@id":"https:\/\/www.markusgley.de\/#\/schema\/logo\/image\/"},"sameAs":["https:\/\/www.facebook.com\/profile.php?id=100076184860323","https:\/\/www.instagram.com\/markusgley\/"]}]}},"_links":{"self":[{"href":"https:\/\/www.markusgley.de\/en\/wp-json\/wp\/v2\/pages\/197","targetHints":{"allow":["GET"]}}],"collection":[{"href":"https:\/\/www.markusgley.de\/en\/wp-json\/wp\/v2\/pages"}],"about":[{"href":"https:\/\/www.markusgley.de\/en\/wp-json\/wp\/v2\/types\/page"}],"author":[{"embeddable":true,"href":"https:\/\/www.markusgley.de\/en\/wp-json\/wp\/v2\/users\/5"}],"replies":[{"embeddable":true,"href":"https:\/\/www.markusgley.de\/en\/wp-json\/wp\/v2\/comments?post=197"}],"version-history":[{"count":13,"href":"https:\/\/www.markusgley.de\/en\/wp-json\/wp\/v2\/pages\/197\/revisions"}],"predecessor-version":[{"id":9081,"href":"https:\/\/www.markusgley.de\/en\/wp-json\/wp\/v2\/pages\/197\/revisions\/9081"}],"wp:attachment":[{"href":"https:\/\/www.markusgley.de\/en\/wp-json\/wp\/v2\/media?parent=197"}],"curies":[{"name":"wp","href":"https:\/\/api.w.org\/{rel}","templated":true}]}}