{"id":8874,"date":"2023-09-11T12:53:16","date_gmt":"2023-09-11T10:53:16","guid":{"rendered":"https:\/\/www.markusgley.de\/?page_id=8874"},"modified":"2024-11-12T16:13:15","modified_gmt":"2024-11-12T15:13:15","slug":"gemaelde","status":"publish","type":"page","link":"https:\/\/www.markusgley.de\/en\/gemaelde\/","title":{"rendered":"Works"},"content":{"rendered":"<div class=\"wpb-content-wrapper\"><div data-parent=\"true\" class=\"vc_row has-bg need-focus style-back_color-112281-bg row-container\" id=\"row-unique-0\"><div class=\"row limit-width row-parent\"><div class=\"wpb_row row-inner\"><div class=\"wpb_column pos-top pos-center align_center column_parent col-lg-12 single-internal-gutter\"><div class=\"uncol style-light\"  ><div class=\"uncoltable\"><div class=\"uncell no-block-padding\" ><div class=\"uncont\" ><div class=\"vc_custom_heading_wrap\"><div class=\"heading-text el-text\" ><h1 class=\"h1 text-color-xsdn-color\" ><span>Works<\/span><\/h1><\/div><div class=\"clear\"><\/div><\/div><\/div><\/div><\/div><\/div><\/div><script id=\"script-row-unique-0\" data-row=\"script-row-unique-0\" type=\"text\/javascript\" class=\"vc_controls\">UNCODE.initRow(document.getElementById(\"row-unique-0\"));<\/script><\/div><\/div><\/div><div data-parent=\"true\" class=\"vc_row has-bg need-focus style-color-jevc-bg row-container\" id=\"row-unique-1\"><div class=\"row limit-width row-parent\"><div class=\"wpb_row row-inner\"><div class=\"wpb_column pos-top pos-center align_left column_parent col-lg-6 single-internal-gutter\"><div class=\"uncol style-light\"  ><div class=\"uncoltable\"><div class=\"uncell no-block-padding\" ><div class=\"uncont\" style=\" max-width:50%;\" ><div class=\"uncode-single-media  text-left\"><div class=\"single-wrapper\" style=\"max-width: 100%;\"><div class=\"tmb tmb-light  tmb-img-ratio tmb-media-first tmb-media-last tmb-content-overlay tmb-no-bg\"><div class=\"t-inside\"><div class=\"t-entry-visual\"><div class=\"t-entry-visual-tc\"><div class=\"uncode-single-media-wrapper\"><div class=\"dummy\" style=\"padding-top: 100%;\"><\/div><img decoding=\"async\" class=\"wp-image-8178\" src=\"https:\/\/www.markusgley.de\/wp-content\/uploads\/2022\/02\/Aegypten-170x130-oel-acryl-collage-on-canvas-2021-uai-1226x1226.jpg\" width=\"1226\" height=\"1226\" alt=\"\"><\/div>\n\t\t\t\t\t<\/div>\n\t\t\t\t<\/div><\/div><\/div><\/div><\/div><\/div><\/div><\/div><\/div><a class=\"col-link custom-link\" href=\"https:\/\/www.markusgley.de\/en\/gemaelde-allgemein\/\" target=\"_self\" title=\"Gem\u00e4lde: \u00d6l\/Acryl\"><\/a><\/div><div class=\"wpb_column pos-middle pos-center align_left column_parent col-lg-6 single-internal-gutter\"><div class=\"uncol style-light\"  ><div class=\"uncoltable\"><div class=\"uncell no-block-padding\" ><div class=\"uncont\" ><div class=\"uncode_text_column text-color-xsdn-color\" ><\/p>\n<h2><span style=\"color: #ffffff;\">Oil\/Acrylic<\/span><\/h2>\n<p>Paintings in oil and acrylic on canvas and styrodur.<\/p>\n<\/div><\/div><\/div><\/div><\/div><\/div><script id=\"script-row-unique-1\" data-row=\"script-row-unique-1\" type=\"text\/javascript\" class=\"vc_controls\">UNCODE.initRow(document.getElementById(\"row-unique-1\"));<\/script><\/div><\/div><\/div><div data-parent=\"true\" class=\"vc_row has-bg need-focus style-color-jevc-bg row-container\" id=\"row-unique-2\"><div class=\"row limit-width row-parent\"><div class=\"wpb_row row-inner\"><div class=\"wpb_column pos-top pos-center align_left column_parent col-lg-6 single-internal-gutter\"><div class=\"uncol style-light\"  ><div class=\"uncoltable\"><div class=\"uncell no-block-padding\" ><div class=\"uncont\" style=\" max-width:50%;\" ><div class=\"uncode-single-media  text-left\"><div class=\"single-wrapper\" style=\"max-width: 100%;\"><div class=\"tmb tmb-light  tmb-img-ratio tmb-media-first tmb-media-last tmb-content-overlay tmb-no-bg\"><div class=\"t-inside\"><div class=\"t-entry-visual\"><div class=\"t-entry-visual-tc\"><div class=\"uncode-single-media-wrapper\"><div class=\"dummy\" style=\"padding-top: 100%;\"><\/div><img decoding=\"async\" class=\"wp-image-8213\" src=\"https:\/\/www.markusgley.de\/wp-content\/uploads\/2022\/02\/galaxy3-uai-2111x2111.jpg\" width=\"2111\" height=\"2111\" alt=\"\"><\/div>\n\t\t\t\t\t<\/div>\n\t\t\t\t<\/div><\/div><\/div><\/div><\/div><\/div><\/div><\/div><\/div><a class=\"col-link custom-link\" href=\"https:\/\/www.markusgley.de\/en\/gemaelde-universe\/\" target=\"_self\" title=\"Paintings: Universe\"><\/a><\/div><div class=\"wpb_column pos-middle pos-center align_left column_parent col-lg-6 single-internal-gutter\"><div class=\"uncol style-light\"  ><div class=\"uncoltable\"><div class=\"uncell no-block-padding\" ><div class=\"uncont\" ><div class=\"uncode_text_column text-color-xsdn-color\" ><\/p>\n<h2><span style=\"color: #ffffff;\">Universe<\/span><\/h2>\n<p>Paintings in acryl on canvas.<\/p>\n<\/div><\/div><\/div><\/div><\/div><\/div><script id=\"script-row-unique-2\" data-row=\"script-row-unique-2\" type=\"text\/javascript\" class=\"vc_controls\">UNCODE.initRow(document.getElementById(\"row-unique-2\"));<\/script><\/div><\/div><\/div><div data-parent=\"true\" class=\"vc_row has-bg need-focus style-color-jevc-bg row-container\" id=\"row-unique-3\"><div class=\"row limit-width row-parent\"><div class=\"wpb_row row-inner\"><div class=\"wpb_column pos-top pos-center align_left column_parent col-lg-6 single-internal-gutter\"><div class=\"uncol style-light\"  ><div class=\"uncoltable\"><div class=\"uncell no-block-padding\" ><div class=\"uncont\" style=\" max-width:50%;\" ><div class=\"uncode-single-media  text-left\"><div class=\"single-wrapper\" style=\"max-width: 100%;\"><div class=\"tmb tmb-light  tmb-img-ratio tmb-media-first tmb-media-last tmb-content-overlay tmb-no-bg\"><div class=\"t-inside\"><div class=\"t-entry-visual\"><div class=\"t-entry-visual-tc\"><div class=\"uncode-single-media-wrapper\"><div class=\"dummy\" style=\"padding-top: 100%;\"><\/div><img decoding=\"async\" class=\"wp-image-8786\" src=\"https:\/\/www.markusgley.de\/wp-content\/uploads\/Harley-Quinn-170x130-acryl-on-canvas-2023-uai-1530x1530.jpg\" width=\"1530\" height=\"1530\" alt=\"\"><\/div>\n\t\t\t\t\t<\/div>\n\t\t\t\t<\/div><\/div><\/div><\/div><\/div><\/div><\/div><\/div><\/div><a class=\"col-link custom-link\" href=\"https:\/\/www.markusgley.de\/en\/gemaelde-mit-nft\/\" target=\"_self\" title=\"Paintings with NFT\"><\/a><\/div><div class=\"wpb_column pos-middle pos-center align_left column_parent col-lg-6 single-internal-gutter\"><div class=\"uncol style-light\"  ><div class=\"uncoltable\"><div class=\"uncell no-block-padding\" ><div class=\"uncont\" ><div class=\"uncode_text_column text-color-xsdn-color\" ><\/p>\n<h2><span style=\"color: #ffffff;\">Paintings + NFT<\/span><\/h2>\n<p>Painting including corresponding NFT.<\/p>\n<\/div><\/div><\/div><\/div><\/div><\/div><script id=\"script-row-unique-3\" data-row=\"script-row-unique-3\" type=\"text\/javascript\" class=\"vc_controls\">UNCODE.initRow(document.getElementById(\"row-unique-3\"));<\/script><\/div><\/div><\/div><div data-parent=\"true\" class=\"vc_row has-bg need-focus style-color-jevc-bg row-container\" id=\"row-unique-4\"><div class=\"row limit-width row-parent\"><div class=\"wpb_row row-inner\"><div class=\"wpb_column pos-top pos-center align_left column_parent col-lg-6 single-internal-gutter\"><div class=\"uncol style-light\"  ><div class=\"uncoltable\"><div class=\"uncell no-block-padding\" ><div class=\"uncont\" style=\" max-width:50%;\" ><div class=\"uncode-single-media  text-left\"><div class=\"single-wrapper\" style=\"max-width: 100%;\"><div class=\"tmb tmb-light  tmb-img-ratio tmb-media-first tmb-media-last tmb-content-overlay tmb-no-bg\"><div class=\"t-inside\"><div class=\"t-entry-visual\"><div class=\"t-entry-visual-tc\"><div class=\"uncode-single-media-wrapper\"><div class=\"dummy\" style=\"padding-top: 100%;\"><\/div><img decoding=\"async\" class=\"wp-image-8973\" src=\"https:\/\/www.markusgley.de\/wp-content\/uploads\/Galaxy-100-200x200-acryl-on-canvas-2023-scaled.jpg\" width=\"2560\" height=\"2560\" alt=\"\" srcset=\"https:\/\/www.markusgley.de\/wp-content\/uploads\/Galaxy-100-200x200-acryl-on-canvas-2023-scaled.jpg 2560w, https:\/\/www.markusgley.de\/wp-content\/uploads\/Galaxy-100-200x200-acryl-on-canvas-2023-300x300.jpg 300w, https:\/\/www.markusgley.de\/wp-content\/uploads\/Galaxy-100-200x200-acryl-on-canvas-2023-1024x1024.jpg 1024w, https:\/\/www.markusgley.de\/wp-content\/uploads\/Galaxy-100-200x200-acryl-on-canvas-2023-150x150.jpg 150w, https:\/\/www.markusgley.de\/wp-content\/uploads\/Galaxy-100-200x200-acryl-on-canvas-2023-768x768.jpg 768w, https:\/\/www.markusgley.de\/wp-content\/uploads\/Galaxy-100-200x200-acryl-on-canvas-2023-1536x1536.jpg 1536w, https:\/\/www.markusgley.de\/wp-content\/uploads\/Galaxy-100-200x200-acryl-on-canvas-2023-2048x2048.jpg 2048w, https:\/\/www.markusgley.de\/wp-content\/uploads\/Galaxy-100-200x200-acryl-on-canvas-2023-12x12.jpg 12w, https:\/\/www.markusgley.de\/wp-content\/uploads\/Galaxy-100-200x200-acryl-on-canvas-2023-350x350.jpg 350w, https:\/\/www.markusgley.de\/wp-content\/uploads\/Galaxy-100-200x200-acryl-on-canvas-2023-348x348.jpg 348w\" sizes=\"(max-width: 2560px) 100vw, 2560px\" \/><\/div>\n\t\t\t\t\t<\/div>\n\t\t\t\t<\/div><\/div><\/div><\/div><\/div><\/div><\/div><\/div><\/div><a class=\"col-link custom-link\" href=\"https:\/\/www.markusgley.de\/en\/gemaelde-mit-nft-galaxy-100\/\" target=\"_self\" title=\"Paintings with NFT\"><\/a><\/div><div class=\"wpb_column pos-middle pos-center align_left column_parent col-lg-6 single-internal-gutter\"><div class=\"uncol style-light\"  ><div class=\"uncoltable\"><div class=\"uncell no-block-padding\" ><div class=\"uncont\" ><div class=\"uncode_text_column text-color-xsdn-color\" ><\/p>\n<h2><span style=\"color: #ffffff;\">Universe 100 + NFT<\/span><\/h2>\n<p>Painting including corresponding NFT.<\/p>\n<\/div><\/div><\/div><\/div><\/div><\/div><script id=\"script-row-unique-4\" data-row=\"script-row-unique-4\" type=\"text\/javascript\" class=\"vc_controls\">UNCODE.initRow(document.getElementById(\"row-unique-4\"));<\/script><\/div><\/div><\/div>\n<\/div>","protected":false},"excerpt":{"rendered":"Werke \u00d6l\/Acryl Gem\u00e4lde in \u00d6l\/Acryl auf Leinwand und Styrodur. Universe Gem\u00e4lde in Acryl auf Leinwand. Gem\u00e4lde + NFT Gem\u00e4lde inklusive [...]","protected":false},"author":5,"featured_media":0,"parent":0,"menu_order":0,"comment_status":"closed","ping_status":"closed","template":"","meta":{"footnotes":""},"class_list":["post-8874","page","type-page","status-publish","hentry"],"yoast_head":"<!-- This site is optimized with the Yoast SEO plugin v27.4 - https:\/\/yoast.com\/product\/yoast-seo-wordpress\/ -->\n<title>Markus Gley Gem\u00e4lde - Jetzt die Kunstwerke online entdecken<\/title>\n<meta name=\"description\" content=\"Markus Gley Gem\u00e4lde Universe online: Entdecken Sie die au\u00dferordentlichen Werke des extrovertierten K\u00fcnstlers. Jetzt Bilder betrachten.\" \/>\n<meta name=\"robots\" content=\"index, follow, max-snippet:-1, max-image-preview:large, max-video-preview:-1\" \/>\n<link rel=\"canonical\" href=\"https:\/\/www.markusgley.de\/en\/gemaelde\/\" \/>\n<meta property=\"og:locale\" content=\"en_GB\" \/>\n<meta property=\"og:type\" content=\"article\" \/>\n<meta property=\"og:title\" content=\"Markus Gley Gem\u00e4lde - Jetzt die Kunstwerke online entdecken\" \/>\n<meta property=\"og:description\" content=\"Markus Gley Gem\u00e4lde Universe online: Entdecken Sie die au\u00dferordentlichen Werke des extrovertierten K\u00fcnstlers. Jetzt Bilder betrachten.\" \/>\n<meta property=\"og:url\" content=\"https:\/\/www.markusgley.de\/en\/gemaelde\/\" \/>\n<meta property=\"og:site_name\" content=\"Markus Gley\" \/>\n<meta property=\"article:publisher\" content=\"https:\/\/www.facebook.com\/profile.php?id=100076184860323\" \/>\n<meta property=\"article:modified_time\" content=\"2024-11-12T15:13:15+00:00\" \/>\n<meta name=\"twitter:card\" content=\"summary_large_image\" \/>\n<meta name=\"twitter:label1\" content=\"Estimated reading time\" \/>\n\t<meta name=\"twitter:data1\" content=\"2 minutes\" \/>\n<script type=\"application\/ld+json\" class=\"yoast-schema-graph\">{\"@context\":\"https:\\\/\\\/schema.org\",\"@graph\":[{\"@type\":\"WebPage\",\"@id\":\"https:\\\/\\\/www.markusgley.de\\\/gemaelde\\\/\",\"url\":\"https:\\\/\\\/www.markusgley.de\\\/gemaelde\\\/\",\"name\":\"Markus Gley Gem\u00e4lde - Jetzt die Kunstwerke online entdecken\",\"isPartOf\":{\"@id\":\"https:\\\/\\\/www.markusgley.de\\\/#website\"},\"datePublished\":\"2023-09-11T10:53:16+00:00\",\"dateModified\":\"2024-11-12T15:13:15+00:00\",\"description\":\"Markus Gley Gem\u00e4lde Universe online: Entdecken Sie die au\u00dferordentlichen Werke des extrovertierten K\u00fcnstlers. Jetzt Bilder betrachten.\",\"breadcrumb\":{\"@id\":\"https:\\\/\\\/www.markusgley.de\\\/gemaelde\\\/#breadcrumb\"},\"inLanguage\":\"en-GB\",\"potentialAction\":[{\"@type\":\"ReadAction\",\"target\":[\"https:\\\/\\\/www.markusgley.de\\\/gemaelde\\\/\"]}]},{\"@type\":\"BreadcrumbList\",\"@id\":\"https:\\\/\\\/www.markusgley.de\\\/gemaelde\\\/#breadcrumb\",\"itemListElement\":[{\"@type\":\"ListItem\",\"position\":1,\"name\":\"Startseite\",\"item\":\"https:\\\/\\\/www.markusgley.de\\\/\"},{\"@type\":\"ListItem\",\"position\":2,\"name\":\"Werke\"}]},{\"@type\":\"WebSite\",\"@id\":\"https:\\\/\\\/www.markusgley.de\\\/#website\",\"url\":\"https:\\\/\\\/www.markusgley.de\\\/\",\"name\":\"Markus Gley\",\"description\":\"Extrovertierter K\u00fcnstler\",\"publisher\":{\"@id\":\"https:\\\/\\\/www.markusgley.de\\\/#organization\"},\"potentialAction\":[{\"@type\":\"SearchAction\",\"target\":{\"@type\":\"EntryPoint\",\"urlTemplate\":\"https:\\\/\\\/www.markusgley.de\\\/?s={search_term_string}\"},\"query-input\":{\"@type\":\"PropertyValueSpecification\",\"valueRequired\":true,\"valueName\":\"search_term_string\"}}],\"inLanguage\":\"en-GB\"},{\"@type\":\"Organization\",\"@id\":\"https:\\\/\\\/www.markusgley.de\\\/#organization\",\"name\":\"Markus Gley\",\"url\":\"https:\\\/\\\/www.markusgley.de\\\/\",\"logo\":{\"@type\":\"ImageObject\",\"inLanguage\":\"en-GB\",\"@id\":\"https:\\\/\\\/www.markusgley.de\\\/#\\\/schema\\\/logo\\\/image\\\/\",\"url\":\"https:\\\/\\\/www.markusgley.de\\\/wp-content\\\/uploads\\\/2022\\\/02\\\/the-devil-and-i-alexander-nawalny-1375x1135-oel-acryl-on-canvas-2021.jpg\",\"contentUrl\":\"https:\\\/\\\/www.markusgley.de\\\/wp-content\\\/uploads\\\/2022\\\/02\\\/the-devil-and-i-alexander-nawalny-1375x1135-oel-acryl-on-canvas-2021.jpg\",\"width\":1212,\"height\":1465,\"caption\":\"Markus Gley\"},\"image\":{\"@id\":\"https:\\\/\\\/www.markusgley.de\\\/#\\\/schema\\\/logo\\\/image\\\/\"},\"sameAs\":[\"https:\\\/\\\/www.facebook.com\\\/profile.php?id=100076184860323\",\"https:\\\/\\\/www.instagram.com\\\/markusgley\\\/\"]}]}<\/script>\n<!-- \/ Yoast SEO plugin. -->","yoast_head_json":{"title":"Markus Gley Gem\u00e4lde - Jetzt die Kunstwerke online entdecken","description":"Markus Gley Gem\u00e4lde Universe online: Entdecken Sie die au\u00dferordentlichen Werke des extrovertierten K\u00fcnstlers. Jetzt Bilder betrachten.","robots":{"index":"index","follow":"follow","max-snippet":"max-snippet:-1","max-image-preview":"max-image-preview:large","max-video-preview":"max-video-preview:-1"},"canonical":"https:\/\/www.markusgley.de\/en\/gemaelde\/","og_locale":"en_GB","og_type":"article","og_title":"Markus Gley Gem\u00e4lde - Jetzt die Kunstwerke online entdecken","og_description":"Markus Gley Gem\u00e4lde Universe online: Entdecken Sie die au\u00dferordentlichen Werke des extrovertierten K\u00fcnstlers. Jetzt Bilder betrachten.","og_url":"https:\/\/www.markusgley.de\/en\/gemaelde\/","og_site_name":"Markus Gley","article_publisher":"https:\/\/www.facebook.com\/profile.php?id=100076184860323","article_modified_time":"2024-11-12T15:13:15+00:00","twitter_card":"summary_large_image","twitter_misc":{"Estimated reading time":"2 minutes"},"schema":{"@context":"https:\/\/schema.org","@graph":[{"@type":"WebPage","@id":"https:\/\/www.markusgley.de\/gemaelde\/","url":"https:\/\/www.markusgley.de\/gemaelde\/","name":"Markus Gley Gem\u00e4lde - Jetzt die Kunstwerke online entdecken","isPartOf":{"@id":"https:\/\/www.markusgley.de\/#website"},"datePublished":"2023-09-11T10:53:16+00:00","dateModified":"2024-11-12T15:13:15+00:00","description":"Markus Gley Gem\u00e4lde Universe online: Entdecken Sie die au\u00dferordentlichen Werke des extrovertierten K\u00fcnstlers. Jetzt Bilder betrachten.","breadcrumb":{"@id":"https:\/\/www.markusgley.de\/gemaelde\/#breadcrumb"},"inLanguage":"en-GB","potentialAction":[{"@type":"ReadAction","target":["https:\/\/www.markusgley.de\/gemaelde\/"]}]},{"@type":"BreadcrumbList","@id":"https:\/\/www.markusgley.de\/gemaelde\/#breadcrumb","itemListElement":[{"@type":"ListItem","position":1,"name":"Startseite","item":"https:\/\/www.markusgley.de\/"},{"@type":"ListItem","position":2,"name":"Werke"}]},{"@type":"WebSite","@id":"https:\/\/www.markusgley.de\/#website","url":"https:\/\/www.markusgley.de\/","name":"Markus Gley","description":"Extrovertierter K\u00fcnstler","publisher":{"@id":"https:\/\/www.markusgley.de\/#organization"},"potentialAction":[{"@type":"SearchAction","target":{"@type":"EntryPoint","urlTemplate":"https:\/\/www.markusgley.de\/?s={search_term_string}"},"query-input":{"@type":"PropertyValueSpecification","valueRequired":true,"valueName":"search_term_string"}}],"inLanguage":"en-GB"},{"@type":"Organization","@id":"https:\/\/www.markusgley.de\/#organization","name":"Markus Gley","url":"https:\/\/www.markusgley.de\/","logo":{"@type":"ImageObject","inLanguage":"en-GB","@id":"https:\/\/www.markusgley.de\/#\/schema\/logo\/image\/","url":"https:\/\/www.markusgley.de\/wp-content\/uploads\/2022\/02\/the-devil-and-i-alexander-nawalny-1375x1135-oel-acryl-on-canvas-2021.jpg","contentUrl":"https:\/\/www.markusgley.de\/wp-content\/uploads\/2022\/02\/the-devil-and-i-alexander-nawalny-1375x1135-oel-acryl-on-canvas-2021.jpg","width":1212,"height":1465,"caption":"Markus Gley"},"image":{"@id":"https:\/\/www.markusgley.de\/#\/schema\/logo\/image\/"},"sameAs":["https:\/\/www.facebook.com\/profile.php?id=100076184860323","https:\/\/www.instagram.com\/markusgley\/"]}]}},"_links":{"self":[{"href":"https:\/\/www.markusgley.de\/en\/wp-json\/wp\/v2\/pages\/8874","targetHints":{"allow":["GET"]}}],"collection":[{"href":"https:\/\/www.markusgley.de\/en\/wp-json\/wp\/v2\/pages"}],"about":[{"href":"https:\/\/www.markusgley.de\/en\/wp-json\/wp\/v2\/types\/page"}],"author":[{"embeddable":true,"href":"https:\/\/www.markusgley.de\/en\/wp-json\/wp\/v2\/users\/5"}],"replies":[{"embeddable":true,"href":"https:\/\/www.markusgley.de\/en\/wp-json\/wp\/v2\/comments?post=8874"}],"version-history":[{"count":12,"href":"https:\/\/www.markusgley.de\/en\/wp-json\/wp\/v2\/pages\/8874\/revisions"}],"predecessor-version":[{"id":9086,"href":"https:\/\/www.markusgley.de\/en\/wp-json\/wp\/v2\/pages\/8874\/revisions\/9086"}],"wp:attachment":[{"href":"https:\/\/www.markusgley.de\/en\/wp-json\/wp\/v2\/media?parent=8874"}],"curies":[{"name":"wp","href":"https:\/\/api.w.org\/{rel}","templated":true}]}}