{"id":8993,"date":"2024-02-19T09:23:52","date_gmt":"2024-02-19T08:23:52","guid":{"rendered":"https:\/\/www.markusgley.de\/?page_id=8993"},"modified":"2024-11-12T16:54:54","modified_gmt":"2024-11-12T15:54:54","slug":"gemaelde-mit-nft-psycho-circus-2","status":"publish","type":"page","link":"https:\/\/www.markusgley.de\/en\/gemaelde-mit-nft-psycho-circus-2\/","title":{"rendered":"Gem\u00e4lde mit NFT: Psycho Circus 2"},"content":{"rendered":"<div class=\"wpb-content-wrapper\"><div data-parent=\"true\" class=\"vc_row has-bg need-focus style-color-prif-bg row-container\" id=\"row-unique-0\"><div class=\"row limit-width row-parent\"><div class=\"wpb_row row-inner\"><div class=\"wpb_column pos-top pos-center align_left column_parent col-lg-12 single-internal-gutter\"><div class=\"uncol style-light\"  ><div class=\"uncoltable\"><div class=\"uncell no-block-padding\" ><div class=\"uncont\" ><div class=\"vc_row row-internal row-container\"><div class=\"row row-child\"><div class=\"wpb_row row-inner\"><div class=\"wpb_column pos-top pos-center align_center column_child col-lg-12 single-internal-gutter\"><div class=\"uncol style-light\" ><div class=\"uncoltable\"><div class=\"uncell no-block-padding\" ><div class=\"uncont\" ><div class=\"vc_custom_heading_wrap\"><div class=\"heading-text el-text\" ><h1 class=\"h1 text-color-lxmt-color\" ><span>Psycho Circus 2 NFT<\/span><\/h1><\/div><div class=\"clear\"><\/div><\/div><\/div><\/div><\/div><\/div><\/div><\/div><\/div><\/div><div class=\"vc_row row-internal row-container\"><div class=\"row row-child\"><div class=\"wpb_row row-inner\"><div class=\"wpb_column pos-top pos-center align_left column_child col-lg-6 single-internal-gutter\"><div class=\"uncol style-light\" ><div class=\"uncoltable\"><div class=\"uncell no-block-padding\" ><div class=\"uncont\" ><div class=\"uncode-single-media  text-left\"><div class=\"single-wrapper\" style=\"max-width: 100%;\"><div class=\"tmb tmb-light  tmb-media-first tmb-media-last tmb-content-overlay tmb-no-bg\"><div class=\"t-inside\"><div class=\"t-entry-visual\"><div class=\"t-entry-visual-tc\"><div class=\"uncode-single-media-wrapper\"><img decoding=\"async\" class=\"wp-image-8992\" src=\"https:\/\/www.markusgley.de\/wp-content\/uploads\/Psycho-Circus-2-120x100-acryl-styrodur-on-canvas-2024.jpg\" width=\"1802\" height=\"2167\" alt=\"\" srcset=\"https:\/\/www.markusgley.de\/wp-content\/uploads\/Psycho-Circus-2-120x100-acryl-styrodur-on-canvas-2024.jpg 1802w, https:\/\/www.markusgley.de\/wp-content\/uploads\/Psycho-Circus-2-120x100-acryl-styrodur-on-canvas-2024-249x300.jpg 249w, https:\/\/www.markusgley.de\/wp-content\/uploads\/Psycho-Circus-2-120x100-acryl-styrodur-on-canvas-2024-852x1024.jpg 852w, https:\/\/www.markusgley.de\/wp-content\/uploads\/Psycho-Circus-2-120x100-acryl-styrodur-on-canvas-2024-768x924.jpg 768w, https:\/\/www.markusgley.de\/wp-content\/uploads\/Psycho-Circus-2-120x100-acryl-styrodur-on-canvas-2024-1277x1536.jpg 1277w, https:\/\/www.markusgley.de\/wp-content\/uploads\/Psycho-Circus-2-120x100-acryl-styrodur-on-canvas-2024-1703x2048.jpg 1703w, https:\/\/www.markusgley.de\/wp-content\/uploads\/Psycho-Circus-2-120x100-acryl-styrodur-on-canvas-2024-10x12.jpg 10w, https:\/\/www.markusgley.de\/wp-content\/uploads\/Psycho-Circus-2-120x100-acryl-styrodur-on-canvas-2024-350x421.jpg 350w\" sizes=\"(max-width: 1802px) 100vw, 1802px\" \/><\/div>\n\t\t\t\t\t<\/div>\n\t\t\t\t<\/div><\/div><\/div><\/div><\/div><div class=\"uncode_text_column text-color-xsdn-color\" ><\/p>\n<h4><span style=\"color: #ffffff;\">Original<\/span><\/h4>\n<p>120&#215;100<br \/>\nAcrylic\/styrodur on canvas<br \/>\n2024<\/p>\n<\/div><\/div><\/div><\/div><\/div><\/div><div class=\"wpb_column pos-top pos-center align_left column_child col-lg-4 single-internal-gutter\"><div class=\"uncol style-light\" ><div class=\"uncoltable\"><div class=\"uncell no-block-padding\" ><div class=\"uncont\" ><div class=\"uncode-single-media  text-left\"><div class=\"single-wrapper\" style=\"max-width: 100%;\"><div class=\"tmb tmb-light  tmb-media-first tmb-media-last tmb-content-overlay tmb-no-bg tmb-lightbox\"><div class=\"t-inside\"><div class=\"t-entry-visual\"><div class=\"t-entry-visual-tc\"><div class=\"uncode-single-media-wrapper\"><div class=\"h3 object-size self-video fluid-object\" style=\"padding-top: 125.08%\"><div style=\"width: 640px;\" class=\"wp-video\"><video playsinline data-keepplaying class=\"wp-video-shortcode\" id=\"video-8993-1\" width=\"640\" height=\"360\" loop autoplay preload=\"metadata\" controls=\"controls\"><source type=\"video\/mp4\" src=\"https:\/\/www.markusgley.de\/wp-content\/uploads\/Psycho-Circus-2-NFT-2024.mp4?_=1\"><\/source><a href=\"https:\/\/www.markusgley.de\/wp-content\/uploads\/Psycho-Circus-2-NFT-2024.mp4\">https:\/\/www.markusgley.de\/wp-content\/uploads\/Psycho-Circus-2-NFT-2024.mp4<\/a><\/video><\/div><\/div><\/div>\n\t\t\t\t\t<\/div>\n\t\t\t\t<\/div><\/div><\/div><\/div><\/div><\/div><\/div><\/div><\/div><\/div><div class=\"wpb_column pos-top pos-center align_left column_child col-lg-2 single-internal-gutter\"><div class=\"uncol style-light\" ><div class=\"uncoltable\"><div class=\"uncell no-block-padding\" ><div class=\"uncont\" ><div class=\"uncode_text_column vc_custom_1694098849711 text-color-xsdn-color\"  style=\"margin-bottom: 0px ;padding-bottom: 0px ;\"><\/p>\n<h4><span style=\"color: #ffffff;\">NFT<\/span><\/h4>\n<p>\n<\/div><div class=\"ubtn-img-container\"><img decoding=\"async\" src=\"https:\/\/www.markusgley.de\/wp-content\/uploads\/button-logo.png\" alt=\"null\"\/><div class=\"ubtn-ctn-right\"><a class=\"ubtn-link ult-adjust-bottom-margin ubtn-right ubtn-custom\" href=\"https:\/\/opensea.io\/assets\/ethereum\/0x7dc375f8f86a9d0ea2bfab09403447333a0dc705\/5\" title=\"OpenSea\" target=\"_blank\" rel=\"noopener\" ><button type=\"button\" id=\"ubtn-6835\"  class=\"ubtn ult-adjust-bottom-margin ult-responsive ubtn-custom ubtn-no-hover-bg  ulta-grow  ubtn-right   tooltip-69e098d4e02b6\"  data-hover=\"\" data-border-color=\"\" data-bg=\"rgba(0,0,0,0.01)\" data-hover-bg=\"\" data-border-hover=\"\" data-shadow-hover=\"\" data-shadow-click=\"none\" data-shadow=\"\" data-shd-shadow=\"\"  data-ultimate-target='#ubtn-6835'  data-responsive-json-new='{\"font-size\":\"desktop:20px;\",\"line-height\":\"\"}'  style=\"font-weight:normal;width:px;min-height:50px;padding:px px;border:none;background: rgba(0,0,0,0.01);color: #ffffff;\"><span class=\"ubtn-hover\" style=\"background-color:\"><\/span><span class=\"ubtn-data ubtn-text\" >Buy NFT<\/span><\/button><\/a><\/div><\/div><div class=\"ubtn-img-container\"><img decoding=\"async\" src=\"https:\/\/www.markusgley.de\/wp-content\/uploads\/button-logo.png\" alt=\"null\"\/><div class=\"ubtn-ctn-right\"><a class=\"ubtn-link ult-adjust-bottom-margin ubtn-right ubtn-custom\" href=\"https:\/\/opensea.io\/markusgley\/created\" title=\"OpenSea\" target=\"_blank\" rel=\"noopener\" ><button type=\"button\" id=\"ubtn-1046\"  class=\"ubtn ult-adjust-bottom-margin ult-responsive ubtn-custom ubtn-no-hover-bg  ulta-grow  ubtn-right   tooltip-69e098d4e03c1\"  data-hover=\"\" data-border-color=\"\" data-bg=\"rgba(0,0,0,0.01)\" data-hover-bg=\"\" data-border-hover=\"\" data-shadow-hover=\"\" data-shadow-click=\"none\" data-shadow=\"\" data-shd-shadow=\"\"  data-ultimate-target='#ubtn-1046'  data-responsive-json-new='{\"font-size\":\"desktop:20px;\",\"line-height\":\"\"}'  style=\"font-weight:normal;width:px;min-height:50px;padding:px px;border:none;background: rgba(0,0,0,0.01);color: #ffffff;\"><span class=\"ubtn-hover\" style=\"background-color:\"><\/span><span class=\"ubtn-data ubtn-text\" >all NFTs<\/span><\/button><\/a><\/div><\/div><\/div><\/div><\/div><\/div><\/div><\/div><\/div><\/div><\/div><\/div><\/div><\/div><\/div><script id=\"script-row-unique-0\" data-row=\"script-row-unique-0\" type=\"text\/javascript\" class=\"vc_controls\">UNCODE.initRow(document.getElementById(\"row-unique-0\"));<\/script><\/div><\/div><\/div>\n<\/div>","protected":false},"excerpt":{"rendered":"Psycho Circus 2 NFT Original 120&#215;100 Acryl\/Styrodur auf Leinwand 2024 https:\/\/www.markusgley.de\/wp-content\/uploads\/Psycho-Circus-2-NFT-2024.mp4 NFT NFT kaufenalle NFTs","protected":false},"author":5,"featured_media":0,"parent":0,"menu_order":0,"comment_status":"closed","ping_status":"closed","template":"","meta":{"footnotes":""},"class_list":["post-8993","page","type-page","status-publish","hentry"],"yoast_head":"<!-- This site is optimized with the Yoast SEO plugin v27.4 - https:\/\/yoast.com\/product\/yoast-seo-wordpress\/ -->\n<title>Gem\u00e4lde + NFT: Psycho Circus 2<\/title>\n<meta name=\"description\" content=\"Die Markus Gley Biografie wirft einen Blick auf den k\u00fcnstlerischen Werdegang des extrovertierten Malers. Lernen Sie Markus Gley n\u00e4her kennen.\" \/>\n<meta name=\"robots\" content=\"index, follow, max-snippet:-1, max-image-preview:large, max-video-preview:-1\" \/>\n<link rel=\"canonical\" href=\"https:\/\/www.markusgley.de\/en\/gemaelde-mit-nft-psycho-circus-2\/\" \/>\n<meta property=\"og:locale\" content=\"en_GB\" \/>\n<meta property=\"og:type\" content=\"article\" \/>\n<meta property=\"og:title\" content=\"Gem\u00e4lde + NFT: Psycho Circus 2\" \/>\n<meta property=\"og:description\" content=\"Die Markus Gley Biografie wirft einen Blick auf den k\u00fcnstlerischen Werdegang des extrovertierten Malers. Lernen Sie Markus Gley n\u00e4her kennen.\" \/>\n<meta property=\"og:url\" content=\"https:\/\/www.markusgley.de\/en\/gemaelde-mit-nft-psycho-circus-2\/\" \/>\n<meta property=\"og:site_name\" content=\"Markus Gley\" \/>\n<meta property=\"article:publisher\" content=\"https:\/\/www.facebook.com\/profile.php?id=100076184860323\" \/>\n<meta property=\"article:modified_time\" content=\"2024-11-12T15:54:54+00:00\" \/>\n<meta name=\"twitter:card\" content=\"summary_large_image\" \/>\n<meta name=\"twitter:label1\" content=\"Estimated reading time\" \/>\n\t<meta name=\"twitter:data1\" content=\"1 minute\" \/>\n<script type=\"application\/ld+json\" class=\"yoast-schema-graph\">{\"@context\":\"https:\\\/\\\/schema.org\",\"@graph\":[{\"@type\":\"WebPage\",\"@id\":\"https:\\\/\\\/www.markusgley.de\\\/gemaelde-mit-nft-psycho-circus-2\\\/\",\"url\":\"https:\\\/\\\/www.markusgley.de\\\/gemaelde-mit-nft-psycho-circus-2\\\/\",\"name\":\"Gem\u00e4lde + NFT: Psycho Circus 2\",\"isPartOf\":{\"@id\":\"https:\\\/\\\/www.markusgley.de\\\/#website\"},\"datePublished\":\"2024-02-19T08:23:52+00:00\",\"dateModified\":\"2024-11-12T15:54:54+00:00\",\"description\":\"Die Markus Gley Biografie wirft einen Blick auf den k\u00fcnstlerischen Werdegang des extrovertierten Malers. Lernen Sie Markus Gley n\u00e4her kennen.\",\"breadcrumb\":{\"@id\":\"https:\\\/\\\/www.markusgley.de\\\/gemaelde-mit-nft-psycho-circus-2\\\/#breadcrumb\"},\"inLanguage\":\"en-GB\",\"potentialAction\":[{\"@type\":\"ReadAction\",\"target\":[\"https:\\\/\\\/www.markusgley.de\\\/gemaelde-mit-nft-psycho-circus-2\\\/\"]}]},{\"@type\":\"BreadcrumbList\",\"@id\":\"https:\\\/\\\/www.markusgley.de\\\/gemaelde-mit-nft-psycho-circus-2\\\/#breadcrumb\",\"itemListElement\":[{\"@type\":\"ListItem\",\"position\":1,\"name\":\"Startseite\",\"item\":\"https:\\\/\\\/www.markusgley.de\\\/\"},{\"@type\":\"ListItem\",\"position\":2,\"name\":\"Gem\u00e4lde mit NFT: Psycho Circus 2\"}]},{\"@type\":\"WebSite\",\"@id\":\"https:\\\/\\\/www.markusgley.de\\\/#website\",\"url\":\"https:\\\/\\\/www.markusgley.de\\\/\",\"name\":\"Markus Gley\",\"description\":\"Extrovertierter K\u00fcnstler\",\"publisher\":{\"@id\":\"https:\\\/\\\/www.markusgley.de\\\/#organization\"},\"potentialAction\":[{\"@type\":\"SearchAction\",\"target\":{\"@type\":\"EntryPoint\",\"urlTemplate\":\"https:\\\/\\\/www.markusgley.de\\\/?s={search_term_string}\"},\"query-input\":{\"@type\":\"PropertyValueSpecification\",\"valueRequired\":true,\"valueName\":\"search_term_string\"}}],\"inLanguage\":\"en-GB\"},{\"@type\":\"Organization\",\"@id\":\"https:\\\/\\\/www.markusgley.de\\\/#organization\",\"name\":\"Markus Gley\",\"url\":\"https:\\\/\\\/www.markusgley.de\\\/\",\"logo\":{\"@type\":\"ImageObject\",\"inLanguage\":\"en-GB\",\"@id\":\"https:\\\/\\\/www.markusgley.de\\\/#\\\/schema\\\/logo\\\/image\\\/\",\"url\":\"https:\\\/\\\/www.markusgley.de\\\/wp-content\\\/uploads\\\/2022\\\/02\\\/the-devil-and-i-alexander-nawalny-1375x1135-oel-acryl-on-canvas-2021.jpg\",\"contentUrl\":\"https:\\\/\\\/www.markusgley.de\\\/wp-content\\\/uploads\\\/2022\\\/02\\\/the-devil-and-i-alexander-nawalny-1375x1135-oel-acryl-on-canvas-2021.jpg\",\"width\":1212,\"height\":1465,\"caption\":\"Markus Gley\"},\"image\":{\"@id\":\"https:\\\/\\\/www.markusgley.de\\\/#\\\/schema\\\/logo\\\/image\\\/\"},\"sameAs\":[\"https:\\\/\\\/www.facebook.com\\\/profile.php?id=100076184860323\",\"https:\\\/\\\/www.instagram.com\\\/markusgley\\\/\"]}]}<\/script>\n<!-- \/ Yoast SEO plugin. -->","yoast_head_json":{"title":"Gem\u00e4lde + NFT: Psycho Circus 2","description":"Die Markus Gley Biografie wirft einen Blick auf den k\u00fcnstlerischen Werdegang des extrovertierten Malers. Lernen Sie Markus Gley n\u00e4her kennen.","robots":{"index":"index","follow":"follow","max-snippet":"max-snippet:-1","max-image-preview":"max-image-preview:large","max-video-preview":"max-video-preview:-1"},"canonical":"https:\/\/www.markusgley.de\/en\/gemaelde-mit-nft-psycho-circus-2\/","og_locale":"en_GB","og_type":"article","og_title":"Gem\u00e4lde + NFT: Psycho Circus 2","og_description":"Die Markus Gley Biografie wirft einen Blick auf den k\u00fcnstlerischen Werdegang des extrovertierten Malers. Lernen Sie Markus Gley n\u00e4her kennen.","og_url":"https:\/\/www.markusgley.de\/en\/gemaelde-mit-nft-psycho-circus-2\/","og_site_name":"Markus Gley","article_publisher":"https:\/\/www.facebook.com\/profile.php?id=100076184860323","article_modified_time":"2024-11-12T15:54:54+00:00","twitter_card":"summary_large_image","twitter_misc":{"Estimated reading time":"1 minute"},"schema":{"@context":"https:\/\/schema.org","@graph":[{"@type":"WebPage","@id":"https:\/\/www.markusgley.de\/gemaelde-mit-nft-psycho-circus-2\/","url":"https:\/\/www.markusgley.de\/gemaelde-mit-nft-psycho-circus-2\/","name":"Gem\u00e4lde + NFT: Psycho Circus 2","isPartOf":{"@id":"https:\/\/www.markusgley.de\/#website"},"datePublished":"2024-02-19T08:23:52+00:00","dateModified":"2024-11-12T15:54:54+00:00","description":"Die Markus Gley Biografie wirft einen Blick auf den k\u00fcnstlerischen Werdegang des extrovertierten Malers. Lernen Sie Markus Gley n\u00e4her kennen.","breadcrumb":{"@id":"https:\/\/www.markusgley.de\/gemaelde-mit-nft-psycho-circus-2\/#breadcrumb"},"inLanguage":"en-GB","potentialAction":[{"@type":"ReadAction","target":["https:\/\/www.markusgley.de\/gemaelde-mit-nft-psycho-circus-2\/"]}]},{"@type":"BreadcrumbList","@id":"https:\/\/www.markusgley.de\/gemaelde-mit-nft-psycho-circus-2\/#breadcrumb","itemListElement":[{"@type":"ListItem","position":1,"name":"Startseite","item":"https:\/\/www.markusgley.de\/"},{"@type":"ListItem","position":2,"name":"Gem\u00e4lde mit NFT: Psycho Circus 2"}]},{"@type":"WebSite","@id":"https:\/\/www.markusgley.de\/#website","url":"https:\/\/www.markusgley.de\/","name":"Markus Gley","description":"Extrovertierter K\u00fcnstler","publisher":{"@id":"https:\/\/www.markusgley.de\/#organization"},"potentialAction":[{"@type":"SearchAction","target":{"@type":"EntryPoint","urlTemplate":"https:\/\/www.markusgley.de\/?s={search_term_string}"},"query-input":{"@type":"PropertyValueSpecification","valueRequired":true,"valueName":"search_term_string"}}],"inLanguage":"en-GB"},{"@type":"Organization","@id":"https:\/\/www.markusgley.de\/#organization","name":"Markus Gley","url":"https:\/\/www.markusgley.de\/","logo":{"@type":"ImageObject","inLanguage":"en-GB","@id":"https:\/\/www.markusgley.de\/#\/schema\/logo\/image\/","url":"https:\/\/www.markusgley.de\/wp-content\/uploads\/2022\/02\/the-devil-and-i-alexander-nawalny-1375x1135-oel-acryl-on-canvas-2021.jpg","contentUrl":"https:\/\/www.markusgley.de\/wp-content\/uploads\/2022\/02\/the-devil-and-i-alexander-nawalny-1375x1135-oel-acryl-on-canvas-2021.jpg","width":1212,"height":1465,"caption":"Markus Gley"},"image":{"@id":"https:\/\/www.markusgley.de\/#\/schema\/logo\/image\/"},"sameAs":["https:\/\/www.facebook.com\/profile.php?id=100076184860323","https:\/\/www.instagram.com\/markusgley\/"]}]}},"_links":{"self":[{"href":"https:\/\/www.markusgley.de\/en\/wp-json\/wp\/v2\/pages\/8993","targetHints":{"allow":["GET"]}}],"collection":[{"href":"https:\/\/www.markusgley.de\/en\/wp-json\/wp\/v2\/pages"}],"about":[{"href":"https:\/\/www.markusgley.de\/en\/wp-json\/wp\/v2\/types\/page"}],"author":[{"embeddable":true,"href":"https:\/\/www.markusgley.de\/en\/wp-json\/wp\/v2\/users\/5"}],"replies":[{"embeddable":true,"href":"https:\/\/www.markusgley.de\/en\/wp-json\/wp\/v2\/comments?post=8993"}],"version-history":[{"count":8,"href":"https:\/\/www.markusgley.de\/en\/wp-json\/wp\/v2\/pages\/8993\/revisions"}],"predecessor-version":[{"id":9116,"href":"https:\/\/www.markusgley.de\/en\/wp-json\/wp\/v2\/pages\/8993\/revisions\/9116"}],"wp:attachment":[{"href":"https:\/\/www.markusgley.de\/en\/wp-json\/wp\/v2\/media?parent=8993"}],"curies":[{"name":"wp","href":"https:\/\/api.w.org\/{rel}","templated":true}]}}